{"id":294,"date":"2016-11-03T16:50:09","date_gmt":"2016-11-03T16:50:09","guid":{"rendered":"http:\/\/lawyer2.mythemecloud.io\/?page_id=294"},"modified":"2025-01-09T10:24:20","modified_gmt":"2025-01-09T10:24:20","slug":"practice-areas","status":"publish","type":"page","link":"https:\/\/klmevents.fr\/?page_id=294","title":{"rendered":"Nos services"},"content":{"rendered":"\t\t<div data-elementor-type=\"wp-post\" data-elementor-id=\"294\" class=\"elementor elementor-294\">\n\t\t\t\t\t\t\t<div class=\"elementor-element elementor-element-7276993 e-flex e-con-boxed e-con e-parent\" data-id=\"7276993\" data-element_type=\"container\" data-settings=\"{&quot;background_background&quot;:&quot;slideshow&quot;,&quot;background_slideshow_gallery&quot;:[{&quot;id&quot;:1083,&quot;url&quot;:&quot;https:\\\/\\\/klmevents.fr\\\/wp-content\\\/uploads\\\/2024\\\/12\\\/mariage.jpg&quot;},{&quot;id&quot;:1118,&quot;url&quot;:&quot;https:\\\/\\\/klmevents.fr\\\/wp-content\\\/uploads\\\/2024\\\/12\\\/Traiteur4-comp-768x512-2.jpg&quot;},{&quot;id&quot;:1179,&quot;url&quot;:&quot;https:\\\/\\\/klmevents.fr\\\/wp-content\\\/uploads\\\/2024\\\/12\\\/WhatsApp-Image-2024-12-23-a-17.46.10_06ff6889.jpg&quot;}],&quot;background_slideshow_slide_transition&quot;:&quot;slide_right&quot;,&quot;content_width&quot;:&quot;boxed&quot;,&quot;background_slideshow_loop&quot;:&quot;yes&quot;,&quot;background_slideshow_slide_duration&quot;:5000,&quot;background_slideshow_transition_duration&quot;:500}\" data-core-v316-plus=\"true\">\n\t\t\t\t\t<div class=\"e-con-inner\">\n\t\t<div class=\"elementor-element elementor-element-f625c41 e-flex e-con-boxed e-con e-child\" data-id=\"f625c41\" data-element_type=\"container\" data-settings=\"{&quot;background_background&quot;:&quot;classic&quot;,&quot;content_width&quot;:&quot;boxed&quot;}\">\n\t\t\t\t\t<div class=\"e-con-inner\">\n\t\t\t\t<div class=\"elementor-element elementor-element-0aefb6c elementor-widget elementor-widget-heading\" data-id=\"0aefb6c\" data-element_type=\"widget\" data-widget_type=\"heading.default\">\n\t\t\t\t<div class=\"elementor-widget-container\">\n\t\t\t<style>\/*! elementor - v3.17.0 - 01-11-2023 *\/\n.elementor-heading-title{padding:0;margin:0;line-height:1}.elementor-widget-heading .elementor-heading-title[class*=elementor-size-]>a{color:inherit;font-size:inherit;line-height:inherit}.elementor-widget-heading .elementor-heading-title.elementor-size-small{font-size:15px}.elementor-widget-heading .elementor-heading-title.elementor-size-medium{font-size:19px}.elementor-widget-heading .elementor-heading-title.elementor-size-large{font-size:29px}.elementor-widget-heading .elementor-heading-title.elementor-size-xl{font-size:39px}.elementor-widget-heading .elementor-heading-title.elementor-size-xxl{font-size:59px}<\/style><h1 class=\"elementor-heading-title elementor-size-default\">NOS PRESTATIONS<\/h1>\t\t<\/div>\n\t\t\t\t<\/div>\n\t\t\t\t<div class=\"elementor-element elementor-element-233e67a elementor-widget elementor-widget-text-editor\" data-id=\"233e67a\" data-element_type=\"widget\" data-widget_type=\"text-editor.default\">\n\t\t\t\t<div class=\"elementor-widget-container\">\n\t\t\t<style>\/*! elementor - v3.17.0 - 01-11-2023 *\/\n.elementor-widget-text-editor.elementor-drop-cap-view-stacked .elementor-drop-cap{background-color:#69727d;color:#fff}.elementor-widget-text-editor.elementor-drop-cap-view-framed .elementor-drop-cap{color:#69727d;border:3px solid;background-color:transparent}.elementor-widget-text-editor:not(.elementor-drop-cap-view-default) .elementor-drop-cap{margin-top:8px}.elementor-widget-text-editor:not(.elementor-drop-cap-view-default) .elementor-drop-cap-letter{width:1em;height:1em}.elementor-widget-text-editor .elementor-drop-cap{float:left;text-align:center;line-height:1;font-size:50px}.elementor-widget-text-editor .elementor-drop-cap-letter{display:inline-block}<\/style>\t\t\t\t<div class=\"flex-1 overflow-hidden @container\/thread\"><div class=\"h-full\"><div class=\"react-scroll-to-bottom--css-xolmn-79elbk h-full\"><div class=\"react-scroll-to-bottom--css-xolmn-1n7m0yu\"><div class=\"flex flex-col text-sm md:pb-9\"><article class=\"w-full scroll-mb-[var(--thread-trailing-height,150px)] text-token-text-primary focus-visible:outline-2 focus-visible:outline-offset-[-4px]\" dir=\"auto\" data-testid=\"conversation-turn-3\" data-scroll-anchor=\"true\"><div class=\"m-auto text-base py-[18px] px-3 md:px-4 w-full md:px-5 lg:px-4 xl:px-5\"><div class=\"mx-auto flex flex-1 gap-4 text-base md:gap-5 lg:gap-6 md:max-w-3xl\"><div class=\"group\/conversation-turn relative flex w-full min-w-0 flex-col agent-turn\"><div class=\"flex-col gap-1 md:gap-3\"><div class=\"flex max-w-full flex-col flex-grow\"><div class=\"min-h-8 text-message flex w-full flex-col items-end gap-2 whitespace-normal break-words text-start [.text-message+&amp;]:mt-5\" dir=\"auto\" data-message-author-role=\"assistant\" data-message-id=\"8b63cc40-7fa4-4a7a-8901-036e7ab9d8ef\" data-message-model-slug=\"gpt-4o-mini\"><div class=\"flex w-full flex-col gap-1 empty:hidden first:pt-[3px]\"><div class=\"markdown prose w-full break-words dark:prose-invert dark\"><p>D\u00e9couvrez nos services de traiteur sur mesure pour tous vos \u00e9v\u00e9nements. Nous vous proposons des plats raffin\u00e9s, \u00e9quilibr\u00e9s et adapt\u00e9s \u00e0 vos besoins, qu\u2019il s\u2019agisse de r\u00e9ceptions priv\u00e9es, d\u2019\u00e9v\u00e9nements professionnels ou de mariages. Notre \u00e9quipe met un point d&rsquo;honneur \u00e0 allier qualit\u00e9, cr\u00e9ativit\u00e9 et service impeccable. Faites de votre \u00e9v\u00e9nement un moment inoubliable gr\u00e2ce \u00e0 nos cr\u00e9ations culinaires. Contactez-nous pour un devis personnalis\u00e9 !<\/p><\/div><\/div><\/div><\/div><\/div><\/div><\/div><\/div><\/article><\/div><\/div><\/div><\/div><\/div>\t\t\t\t\t\t<\/div>\n\t\t\t\t<\/div>\n\t\t\t\t\t<\/div>\n\t\t\t\t<\/div>\n\t\t\t\t\t<\/div>\n\t\t\t\t<\/div>\n\t\t<div class=\"elementor-element elementor-element-5c20f82 e-flex e-con-boxed elementor-invisible e-con e-parent\" data-id=\"5c20f82\" data-element_type=\"container\" data-settings=\"{&quot;animation&quot;:&quot;slideInLeft&quot;,&quot;background_background&quot;:&quot;classic&quot;,&quot;content_width&quot;:&quot;boxed&quot;}\" data-core-v316-plus=\"true\">\n\t\t\t\t\t<div class=\"e-con-inner\">\n\t\t\t\t<div class=\"elementor-element elementor-element-56ba257 elementor-widget-divider--view-line elementor-widget elementor-widget-divider\" data-id=\"56ba257\" data-element_type=\"widget\" data-widget_type=\"divider.default\">\n\t\t\t\t<div class=\"elementor-widget-container\">\n\t\t\t<style>\/*! elementor - v3.17.0 - 01-11-2023 *\/\n.elementor-widget-divider{--divider-border-style:none;--divider-border-width:1px;--divider-color:#0c0d0e;--divider-icon-size:20px;--divider-element-spacing:10px;--divider-pattern-height:24px;--divider-pattern-size:20px;--divider-pattern-url:none;--divider-pattern-repeat:repeat-x}.elementor-widget-divider .elementor-divider{display:flex}.elementor-widget-divider .elementor-divider__text{font-size:15px;line-height:1;max-width:95%}.elementor-widget-divider .elementor-divider__element{margin:0 var(--divider-element-spacing);flex-shrink:0}.elementor-widget-divider .elementor-icon{font-size:var(--divider-icon-size)}.elementor-widget-divider .elementor-divider-separator{display:flex;margin:0;direction:ltr}.elementor-widget-divider--view-line_icon .elementor-divider-separator,.elementor-widget-divider--view-line_text .elementor-divider-separator{align-items:center}.elementor-widget-divider--view-line_icon .elementor-divider-separator:after,.elementor-widget-divider--view-line_icon .elementor-divider-separator:before,.elementor-widget-divider--view-line_text .elementor-divider-separator:after,.elementor-widget-divider--view-line_text .elementor-divider-separator:before{display:block;content:\"\";border-bottom:0;flex-grow:1;border-top:var(--divider-border-width) var(--divider-border-style) var(--divider-color)}.elementor-widget-divider--element-align-left .elementor-divider .elementor-divider-separator>.elementor-divider__svg:first-of-type{flex-grow:0;flex-shrink:100}.elementor-widget-divider--element-align-left .elementor-divider-separator:before{content:none}.elementor-widget-divider--element-align-left .elementor-divider__element{margin-left:0}.elementor-widget-divider--element-align-right .elementor-divider .elementor-divider-separator>.elementor-divider__svg:last-of-type{flex-grow:0;flex-shrink:100}.elementor-widget-divider--element-align-right .elementor-divider-separator:after{content:none}.elementor-widget-divider--element-align-right .elementor-divider__element{margin-right:0}.elementor-widget-divider:not(.elementor-widget-divider--view-line_text):not(.elementor-widget-divider--view-line_icon) .elementor-divider-separator{border-top:var(--divider-border-width) var(--divider-border-style) var(--divider-color)}.elementor-widget-divider--separator-type-pattern{--divider-border-style:none}.elementor-widget-divider--separator-type-pattern.elementor-widget-divider--view-line .elementor-divider-separator,.elementor-widget-divider--separator-type-pattern:not(.elementor-widget-divider--view-line) .elementor-divider-separator:after,.elementor-widget-divider--separator-type-pattern:not(.elementor-widget-divider--view-line) .elementor-divider-separator:before,.elementor-widget-divider--separator-type-pattern:not([class*=elementor-widget-divider--view]) .elementor-divider-separator{width:100%;min-height:var(--divider-pattern-height);-webkit-mask-size:var(--divider-pattern-size) 100%;mask-size:var(--divider-pattern-size) 100%;-webkit-mask-repeat:var(--divider-pattern-repeat);mask-repeat:var(--divider-pattern-repeat);background-color:var(--divider-color);-webkit-mask-image:var(--divider-pattern-url);mask-image:var(--divider-pattern-url)}.elementor-widget-divider--no-spacing{--divider-pattern-size:auto}.elementor-widget-divider--bg-round{--divider-pattern-repeat:round}.rtl .elementor-widget-divider .elementor-divider__text{direction:rtl}.e-con-inner>.elementor-widget-divider,.e-con>.elementor-widget-divider{width:var(--container-widget-width,100%);--flex-grow:var(--container-widget-flex-grow)}<\/style>\t\t<div class=\"elementor-divider\">\n\t\t\t<span class=\"elementor-divider-separator\">\n\t\t\t\t\t\t<\/span>\n\t\t<\/div>\n\t\t\t\t<\/div>\n\t\t\t\t<\/div>\n\t\t\t\t<div class=\"elementor-element elementor-element-56a0278 elementor-widget elementor-widget-heading\" data-id=\"56a0278\" data-element_type=\"widget\" data-widget_type=\"heading.default\">\n\t\t\t\t<div class=\"elementor-widget-container\">\n\t\t\t<h2 class=\"elementor-heading-title elementor-size-large\">Cr\u00e9ation de box personalis\u00e9 Sal\u00e9e\/Sucr\u00e9e <\/h2>\t\t<\/div>\n\t\t\t\t<\/div>\n\t\t<div class=\"elementor-element elementor-element-23890a5 e-flex e-con-boxed e-con e-child\" data-id=\"23890a5\" data-element_type=\"container\" data-settings=\"{&quot;content_width&quot;:&quot;boxed&quot;}\">\n\t\t\t\t\t<div class=\"e-con-inner\">\n\t\t\t\t<div class=\"elementor-element elementor-element-b2917d9 elementor-widget elementor-widget-image\" data-id=\"b2917d9\" data-element_type=\"widget\" data-widget_type=\"image.default\">\n\t\t\t\t<div class=\"elementor-widget-container\">\n\t\t\t<style>\/*! elementor - v3.17.0 - 01-11-2023 *\/\n.elementor-widget-image{text-align:center}.elementor-widget-image a{display:inline-block}.elementor-widget-image a img[src$=\".svg\"]{width:48px}.elementor-widget-image img{vertical-align:middle;display:inline-block}<\/style>\t\t\t\t\t\t\t\t\t\t\t\t<img fetchpriority=\"high\" decoding=\"async\" width=\"1024\" height=\"990\" src=\"https:\/\/klmevents.fr\/wp-content\/uploads\/2024\/12\/WhatsApp-Image-2024-12-23-a-17.45.59_874c6682-1024x990.jpg\" class=\"attachment-large size-large wp-image-1173\" alt=\"\" srcset=\"https:\/\/klmevents.fr\/wp-content\/uploads\/2024\/12\/WhatsApp-Image-2024-12-23-a-17.45.59_874c6682-1024x990.jpg 1024w, https:\/\/klmevents.fr\/wp-content\/uploads\/2024\/12\/WhatsApp-Image-2024-12-23-a-17.45.59_874c6682-300x290.jpg 300w, https:\/\/klmevents.fr\/wp-content\/uploads\/2024\/12\/WhatsApp-Image-2024-12-23-a-17.45.59_874c6682-768x742.jpg 768w, https:\/\/klmevents.fr\/wp-content\/uploads\/2024\/12\/WhatsApp-Image-2024-12-23-a-17.45.59_874c6682-1536x1484.jpg 1536w, https:\/\/klmevents.fr\/wp-content\/uploads\/2024\/12\/WhatsApp-Image-2024-12-23-a-17.45.59_874c6682.jpg 2048w\" sizes=\"(max-width: 1024px) 100vw, 1024px\" \/>\t\t\t\t\t\t\t\t\t\t\t\t\t\t\t<\/div>\n\t\t\t\t<\/div>\n\t\t\t\t<div class=\"elementor-element elementor-element-b39cf86 elementor-widget__width-initial elementor-widget elementor-widget-text-editor\" data-id=\"b39cf86\" data-element_type=\"widget\" data-widget_type=\"text-editor.default\">\n\t\t\t\t<div class=\"elementor-widget-container\">\n\t\t\t\t\t\t\t<p>D\u00e9couvrez notre service de cr\u00e9ation de box personnalis\u00e9es, con\u00e7ues pour r\u00e9pondre \u00e0 toutes vos envies et s&rsquo;adapter \u00e0 chaque occasion. Que ce soit pour un brunch, un ap\u00e9ritif, une r\u00e9ception ou un \u00e9v\u00e9nement sp\u00e9cial, nous \u00e9laborons des assortiments uniques qui allient saveurs et \u00e9l\u00e9gance.<\/p><p>Nos box sal\u00e9es se composent d\u2019une s\u00e9lection raffin\u00e9e de mignardises et verrines aux inspirations vari\u00e9es, parfaites pour ravir vos convives avec des options gourmandes et \u00e9quilibr\u00e9es. C\u00f4t\u00e9 sucr\u00e9, nos cr\u00e9ations incluent des desserts d\u00e9licats et savoureux, pens\u00e9s pour sublimer vos moments de partage.<\/p><p>Nous mettons un point d\u2019honneur \u00e0 personnaliser chaque box selon vos pr\u00e9f\u00e9rences, avec des ingr\u00e9dients de qualit\u00e9 soigneusement choisis. Pour des demandes sp\u00e9cifiques, nous proposons \u00e9galement des plats sur mesure \u00e9labor\u00e9s sur devis, garantissant une exp\u00e9rience culinaire qui r\u00e9pond \u00e0 toutes vos attentes.<\/p><p>Faites de chaque \u00e9v\u00e9nement un moment unique gr\u00e2ce \u00e0 nos cr\u00e9ations sur mesure, combinant cr\u00e9ativit\u00e9 et excellence gastronomique.<\/p>\t\t\t\t\t\t<\/div>\n\t\t\t\t<\/div>\n\t\t\t\t\t<\/div>\n\t\t\t\t<\/div>\n\t\t\t\t\t<\/div>\n\t\t\t\t<\/div>\n\t\t<div class=\"elementor-element elementor-element-a0c00a6 e-flex e-con-boxed e-con e-parent\" data-id=\"a0c00a6\" data-element_type=\"container\" data-settings=\"{&quot;background_background&quot;:&quot;classic&quot;,&quot;content_width&quot;:&quot;boxed&quot;}\" data-core-v316-plus=\"true\">\n\t\t\t\t\t<div class=\"e-con-inner\">\n\t\t\t\t<div class=\"elementor-element elementor-element-4346bf0 elementor-widget-divider--view-line elementor-widget elementor-widget-divider\" data-id=\"4346bf0\" data-element_type=\"widget\" data-widget_type=\"divider.default\">\n\t\t\t\t<div class=\"elementor-widget-container\">\n\t\t\t\t\t<div class=\"elementor-divider\">\n\t\t\t<span class=\"elementor-divider-separator\">\n\t\t\t\t\t\t<\/span>\n\t\t<\/div>\n\t\t\t\t<\/div>\n\t\t\t\t<\/div>\n\t\t\t\t<div class=\"elementor-element elementor-element-170e9ee elementor-widget elementor-widget-heading\" data-id=\"170e9ee\" data-element_type=\"widget\" data-widget_type=\"heading.default\">\n\t\t\t\t<div class=\"elementor-widget-container\">\n\t\t\t<h2 class=\"elementor-heading-title elementor-size-large\">\u00c9venements<\/h2>\t\t<\/div>\n\t\t\t\t<\/div>\n\t\t<div class=\"elementor-element elementor-element-55851f2 e-flex e-con-boxed e-con e-child\" data-id=\"55851f2\" data-element_type=\"container\" data-settings=\"{&quot;content_width&quot;:&quot;boxed&quot;}\">\n\t\t\t\t\t<div class=\"e-con-inner\">\n\t\t\t\t<div class=\"elementor-element elementor-element-86a2dfa elementor-widget__width-initial elementor-widget elementor-widget-text-editor\" data-id=\"86a2dfa\" data-element_type=\"widget\" data-widget_type=\"text-editor.default\">\n\t\t\t\t<div class=\"elementor-widget-container\">\n\t\t\t\t\t\t\t<p>Chez KLM Events, nous mettons notre savoir-faire et notre passion au service de vos moments les plus pr\u00e9cieux. Sp\u00e9cialis\u00e9s dans l\u2019organisation d\u2019\u00e9v\u00e9nements tels que mariages, brunchs, \u00e9v\u00e9nements professionnels, anniversaires, baby showers et buffets, nous cr\u00e9ons des exp\u00e9riences uniques et sur mesure pour chaque occasion.<\/p><p>Notre priorit\u00e9 est de vous offrir une prestation de qualit\u00e9, o\u00f9 chaque d\u00e9tail est pens\u00e9 pour sublimer votre \u00e9v\u00e9nement. Nos \u00e9quipes allient cr\u00e9ativit\u00e9 et expertise pour concevoir des menus vari\u00e9s et raffin\u00e9s, adapt\u00e9s \u00e0 vos go\u00fbts et \u00e0 vos besoins. Qu&rsquo;il s&rsquo;agisse de mignardises sal\u00e9es, de desserts \u00e9l\u00e9gants ou de buffets g\u00e9n\u00e9reux, nous garantissons une cuisine savoureuse et une pr\u00e9sentation soign\u00e9e qui impressionneront vos convives.<\/p><p>Avec KLM Events, transformez vos c\u00e9l\u00e9brations en moments m\u00e9morables gr\u00e2ce \u00e0 une organisation fluide, un service irr\u00e9prochable et une attention particuli\u00e8re port\u00e9e \u00e0 la satisfaction de nos clients. Faites-nous confiance pour donner vie \u00e0 vos envies et faire de votre \u00e9v\u00e9nement une r\u00e9ussite exceptionnelle.<\/p>\t\t\t\t\t\t<\/div>\n\t\t\t\t<\/div>\n\t\t\t\t<div class=\"elementor-element elementor-element-b73a0ef elementor-widget elementor-widget-image\" data-id=\"b73a0ef\" data-element_type=\"widget\" data-widget_type=\"image.default\">\n\t\t\t\t<div class=\"elementor-widget-container\">\n\t\t\t\t\t\t\t\t\t\t\t\t\t\t\t<img decoding=\"async\" width=\"600\" height=\"600\" src=\"https:\/\/klmevents.fr\/wp-content\/uploads\/2024\/12\/WhatsApp-Image-2024-12-23-a-17.46.10_06ff6889-600x600.jpg\" class=\"attachment-ocean-thumb-m size-ocean-thumb-m wp-image-1179\" alt=\"\" srcset=\"https:\/\/klmevents.fr\/wp-content\/uploads\/2024\/12\/WhatsApp-Image-2024-12-23-a-17.46.10_06ff6889-600x600.jpg 600w, https:\/\/klmevents.fr\/wp-content\/uploads\/2024\/12\/WhatsApp-Image-2024-12-23-a-17.46.10_06ff6889-150x150.jpg 150w\" sizes=\"(max-width: 600px) 100vw, 600px\" \/>\t\t\t\t\t\t\t\t\t\t\t\t\t\t\t<\/div>\n\t\t\t\t<\/div>\n\t\t\t\t\t<\/div>\n\t\t\t\t<\/div>\n\t\t\t\t\t<\/div>\n\t\t\t\t<\/div>\n\t\t<div class=\"elementor-element elementor-element-f7b538e e-flex e-con-boxed elementor-invisible e-con e-parent\" data-id=\"f7b538e\" data-element_type=\"container\" data-settings=\"{&quot;animation&quot;:&quot;slideInLeft&quot;,&quot;animation_delay&quot;:100,&quot;background_background&quot;:&quot;classic&quot;,&quot;content_width&quot;:&quot;boxed&quot;}\" data-core-v316-plus=\"true\">\n\t\t\t\t\t<div class=\"e-con-inner\">\n\t\t\t\t<div class=\"elementor-element elementor-element-b4c81d3 elementor-widget-divider--view-line elementor-widget elementor-widget-divider\" data-id=\"b4c81d3\" data-element_type=\"widget\" data-widget_type=\"divider.default\">\n\t\t\t\t<div class=\"elementor-widget-container\">\n\t\t\t\t\t<div class=\"elementor-divider\">\n\t\t\t<span class=\"elementor-divider-separator\">\n\t\t\t\t\t\t<\/span>\n\t\t<\/div>\n\t\t\t\t<\/div>\n\t\t\t\t<\/div>\n\t\t\t\t<div class=\"elementor-element elementor-element-06e0ce8 elementor-widget elementor-widget-heading\" data-id=\"06e0ce8\" data-element_type=\"widget\" data-widget_type=\"heading.default\">\n\t\t\t\t<div class=\"elementor-widget-container\">\n\t\t\t<h2 class=\"elementor-heading-title elementor-size-large\">Location de mat\u00e9riel et service d'organisation <\/h2>\t\t<\/div>\n\t\t\t\t<\/div>\n\t\t<div class=\"elementor-element elementor-element-eb7d69d e-flex e-con-boxed e-con e-child\" data-id=\"eb7d69d\" data-element_type=\"container\" data-settings=\"{&quot;content_width&quot;:&quot;boxed&quot;}\">\n\t\t\t\t\t<div class=\"e-con-inner\">\n\t\t\t\t<div class=\"elementor-element elementor-element-a690762 elementor-widget elementor-widget-text-editor\" data-id=\"a690762\" data-element_type=\"widget\" data-settings=\"{&quot;_animation&quot;:&quot;none&quot;,&quot;_animation_delay&quot;:400}\" data-widget_type=\"text-editor.default\">\n\t\t\t\t<div class=\"elementor-widget-container\">\n\t\t\t\t\t\t\t<p>KLM Events vous propose un service de location complet pour sublimer vos \u00e9v\u00e9nements avec des \u00e9quipements et des \u00e9l\u00e9ments de d\u00e9coration haut de gamme. Que ce soit pour cr\u00e9er une ambiance \u00e9l\u00e9gante ou simplifier la logistique, nous mettons \u00e0 disposition tout le n\u00e9cessaire pour une organisation sans faille.<\/p><p>Nos prestations incluent la mise \u00e0 disposition d\u2019arches d\u00e9coratives et florales pour magnifier vos espaces, ainsi qu\u2019un choix soign\u00e9 de nappages, serviettes et vaisselles adapt\u00e9s \u00e0 tous les styles d\u2019\u00e9v\u00e9nements. En mati\u00e8re de vaisselle, nous offrons un service pratique et unique : la r\u00e9cup\u00e9ration de la vaisselle sale, vous permettant de profiter pleinement de votre moment sans tracas.<\/p><p>Pour vos besoins en boissons chaudes, nous proposons \u00e9galement la location de percolateurs \u00e0 th\u00e9 et \u00e0 caf\u00e9, id\u00e9als pour accueillir vos invit\u00e9s avec confort et convivialit\u00e9.<\/p><p>Avec KLM Events, b\u00e9n\u00e9ficiez d\u2019un service sur mesure, pens\u00e9 pour apporter praticit\u00e9, esth\u00e9tique et qualit\u00e9 \u00e0 vos c\u00e9l\u00e9brations. Chaque d\u00e9tail est soigneusement pris en charge pour refl\u00e9ter l\u2019excellence et le professionnalisme de notre entreprise.<\/p>\t\t\t\t\t\t<\/div>\n\t\t\t\t<\/div>\n\t\t\t\t<div class=\"elementor-element elementor-element-050c50b elementor-widget elementor-widget-image\" data-id=\"050c50b\" data-element_type=\"widget\" data-widget_type=\"image.default\">\n\t\t\t\t<div class=\"elementor-widget-container\">\n\t\t\t\t\t\t\t\t\t\t\t\t\t\t\t<img decoding=\"async\" width=\"1152\" height=\"1536\" src=\"https:\/\/klmevents.fr\/wp-content\/uploads\/2024\/12\/WhatsApp-Image-2024-12-23-a-17.45.55_9a0670f1-1152x1536.jpg\" class=\"attachment-1536x1536 size-1536x1536 wp-image-1159\" alt=\"\" srcset=\"https:\/\/klmevents.fr\/wp-content\/uploads\/2024\/12\/WhatsApp-Image-2024-12-23-a-17.45.55_9a0670f1-1152x1536.jpg 1152w, https:\/\/klmevents.fr\/wp-content\/uploads\/2024\/12\/WhatsApp-Image-2024-12-23-a-17.45.55_9a0670f1-225x300.jpg 225w, https:\/\/klmevents.fr\/wp-content\/uploads\/2024\/12\/WhatsApp-Image-2024-12-23-a-17.45.55_9a0670f1-768x1024.jpg 768w, https:\/\/klmevents.fr\/wp-content\/uploads\/2024\/12\/WhatsApp-Image-2024-12-23-a-17.45.55_9a0670f1.jpg 1530w\" sizes=\"(max-width: 1152px) 100vw, 1152px\" \/>\t\t\t\t\t\t\t\t\t\t\t\t\t\t\t<\/div>\n\t\t\t\t<\/div>\n\t\t\t\t\t<\/div>\n\t\t\t\t<\/div>\n\t\t\t\t\t<\/div>\n\t\t\t\t<\/div>\n\t\t\t\t\t\t\t<\/div>\n\t\t","protected":false},"excerpt":{"rendered":"<p>NOS PRESTATIONS D\u00e9couvrez nos services de traiteur sur mesure pour tous vos \u00e9v\u00e9nements. Nous vous proposons des plats raffin\u00e9s, \u00e9quilibr\u00e9s et adapt\u00e9s \u00e0 vos besoins, qu\u2019il s\u2019agisse de r\u00e9ceptions priv\u00e9es, d\u2019\u00e9v\u00e9nements professionnels ou de mariages. Notre \u00e9quipe met un point d&rsquo;honneur \u00e0 allier qualit\u00e9, cr\u00e9ativit\u00e9 et service impeccable. Faites de votre \u00e9v\u00e9nement un moment inoubliable [&hellip;]<\/p>\n","protected":false},"author":1,"featured_media":0,"parent":0,"menu_order":0,"comment_status":"closed","ping_status":"closed","template":"","meta":{"footnotes":""},"class_list":["post-294","page","type-page","status-publish","hentry","entry"],"_links":{"self":[{"href":"https:\/\/klmevents.fr\/index.php?rest_route=\/wp\/v2\/pages\/294","targetHints":{"allow":["GET"]}}],"collection":[{"href":"https:\/\/klmevents.fr\/index.php?rest_route=\/wp\/v2\/pages"}],"about":[{"href":"https:\/\/klmevents.fr\/index.php?rest_route=\/wp\/v2\/types\/page"}],"author":[{"embeddable":true,"href":"https:\/\/klmevents.fr\/index.php?rest_route=\/wp\/v2\/users\/1"}],"replies":[{"embeddable":true,"href":"https:\/\/klmevents.fr\/index.php?rest_route=%2Fwp%2Fv2%2Fcomments&post=294"}],"version-history":[{"count":76,"href":"https:\/\/klmevents.fr\/index.php?rest_route=\/wp\/v2\/pages\/294\/revisions"}],"predecessor-version":[{"id":1593,"href":"https:\/\/klmevents.fr\/index.php?rest_route=\/wp\/v2\/pages\/294\/revisions\/1593"}],"wp:attachment":[{"href":"https:\/\/klmevents.fr\/index.php?rest_route=%2Fwp%2Fv2%2Fmedia&parent=294"}],"curies":[{"name":"wp","href":"https:\/\/api.w.org\/{rel}","templated":true}]}}